{"id":757,"date":"2021-07-22T23:07:31","date_gmt":"2021-07-22T23:07:31","guid":{"rendered":"https:\/\/grupodrosur.com\/?post_type=product&#038;p=757"},"modified":"2026-04-12T12:59:06","modified_gmt":"2026-04-12T12:59:06","slug":"oximetro-de-pulso-digital-x1906","status":"publish","type":"product","link":"https:\/\/grupodrosur.com\/index.php\/product\/oximetro-de-pulso-digital-x1906\/","title":{"rendered":"Oximetro de pulso digital X1906"},"content":{"rendered":"<p><span style=\"vertical-align: inherit;\"><span style=\"vertical-align: inherit;\"><span style=\"vertical-align: inherit;\"><span style=\"vertical-align: inherit;\">Ox\u00edmetro de pulso digital X1906. <\/span><\/span><\/span><span style=\"vertical-align: inherit;\"><span style=\"vertical-align: inherit;\"><span style=\"vertical-align: inherit;\">Un m\u00e9todo para controlar la frecuencia del pulso precisa y la saturaci\u00f3n de ox\u00edgeno en la sangre.<\/span><\/span><\/span><\/span><\/p>\n<p><span style=\"vertical-align: inherit;\"><span style=\"vertical-align: inherit;\"><span style=\"vertical-align: inherit;\"><span style=\"vertical-align: inherit;\">Controle los niveles de ox\u00edgeno en su sangre desde la comodidad de su hogar con este ox\u00edmetro de pulso.<\/span><\/span><\/span><\/span><\/p>\n<p><span style=\"vertical-align: inherit;\"><span style=\"vertical-align: inherit;\"><span style=\"vertical-align: inherit;\"><span style=\"vertical-align: inherit;\">Este dispositivo pr\u00e1ctico mide su nivel de saturaci\u00f3n de ox\u00edgeno (los niveles de ox\u00edgeno en su sangre) en segundos. <\/span><\/span><\/span><span style=\"vertical-align: inherit;\"><span style=\"vertical-align: inherit;\"><span style=\"vertical-align: inherit;\">\u00a1El proceso es r\u00e1pido e indoloro!<\/span><\/span><\/span><\/span><\/p>\n<h3><strong><span style=\"vertical-align: inherit;\"><span style=\"vertical-align: inherit;\"><span style=\"vertical-align: inherit;\"><span style=\"vertical-align: inherit;\">Caracter\u00edsticas del ox\u00edmetro:\u00a0<\/span><\/span><\/span><\/span><\/strong><\/h3>\n<div class=\"product-detail page-product__detail\">\n<div class=\"_2C2YFD\">\n<div class=\"_2aZyWI\">\n<ol>\n<li><span style=\"vertical-align: inherit;\"><span style=\"vertical-align: inherit;\"><span style=\"vertical-align: inherit;\"><span style=\"vertical-align: inherit;\">Pantalla LED en color: un dispositivo indoloro y no invasivo, que muestra una buena saturaci\u00f3n de ox\u00edgeno o nivel de SpO2.<\/span><\/span><\/span><\/span><\/li>\n<li><span style=\"vertical-align: inherit;\"><span style=\"vertical-align: inherit;\"><span style=\"vertical-align: inherit;\"><span style=\"vertical-align: inherit;\">Tama\u00f1o compacto: tama\u00f1o peque\u00f1o, peso ligero, f\u00e1cil de transportar.<\/span><\/span><\/span><\/span><\/li>\n<li><span style=\"vertical-align: inherit;\"><span style=\"vertical-align: inherit;\"><span style=\"vertical-align: inherit;\"><span style=\"vertical-align: inherit;\">F\u00e1cil de operar: pantalla de alarma de bajo voltaje, apagado autom\u00e1tico.<\/span><\/span><\/span><\/span><\/li>\n<li><span style=\"vertical-align: inherit;\"><span style=\"vertical-align: inherit;\"><span style=\"vertical-align: inherit;\"><span style=\"vertical-align: inherit;\">Amplia aplicaci\u00f3n: adecuado para uso diario, midiendo su salud en cualquier momento.<\/span><\/span><\/span><\/span><\/li>\n<li><span class=\"a-list-item\"><span style=\"vertical-align: inherit;\"><span style=\"vertical-align: inherit;\"><span style=\"vertical-align: inherit;\"><span style=\"vertical-align: inherit;\">Preciso y confiable.<\/span><\/span><\/span><\/span><\/span><\/li>\n<li><span class=\"a-list-item\"><span style=\"vertical-align: inherit;\"><span style=\"vertical-align: inherit;\"><span style=\"vertical-align: inherit;\"><span style=\"vertical-align: inherit;\">Bajo consumo de energ\u00eda.<\/span><\/span><\/span><\/span><\/span><\/li>\n<li><span style=\"vertical-align: inherit;\"><span style=\"vertical-align: inherit;\"><span style=\"vertical-align: inherit;\"><span style=\"vertical-align: inherit;\">Funci\u00f3n de apagado autom\u00e1tico despu\u00e9s de 8 segundos de no operar el dispositivo.<\/span><\/span><\/span><\/span><\/li>\n<\/ol>\n<div class=\"_2u0jt9\"><span style=\"vertical-align: inherit;\"><span style=\"vertical-align: inherit;\"><span style=\"vertical-align: inherit;\"><span style=\"vertical-align: inherit;\">Especificaciones:<\/span><\/span><\/span><\/span><\/div>\n<ul>\n<li class=\"_2u0jt9\"><span style=\"vertical-align: inherit;\"><span style=\"vertical-align: inherit;\"><span style=\"vertical-align: inherit;\"><span style=\"vertical-align: inherit;\">Pantalla de saturaci\u00f3n de hemoglobina: 35 \uff05 -100 \uff05.<\/span><\/span><\/span><\/span><\/li>\n<li class=\"_2u0jt9\"><span style=\"vertical-align: inherit;\"><span style=\"vertical-align: inherit;\"><span style=\"vertical-align: inherit;\"><span style=\"vertical-align: inherit;\">Pantalla de frecuencia del pulso: 30-250 BPM.<\/span><\/span><\/span><\/span><\/li>\n<\/ul>\n<\/div>\n<\/div>\n<\/div>\n","protected":false},"excerpt":{"rendered":"<p><span style=\"vertical-align: inherit;\"><span style=\"vertical-align: inherit;\"><span style=\"vertical-align: inherit;\"><span style=\"vertical-align: inherit;\">Ox\u00edmetro de pulso digital X1906. <\/span><\/span><\/span><span style=\"vertical-align: inherit;\"><span style=\"vertical-align: inherit;\"><span style=\"vertical-align: inherit;\">Un m\u00e9todo para controlar la frecuencia del pulso precisa y la saturaci\u00f3n de ox\u00edgeno en la sangre.<\/span><\/span><\/span><\/span><\/p>\n<p><span style=\"vertical-align: inherit;\"><span style=\"vertical-align: inherit;\"><span style=\"vertical-align: inherit;\"><span style=\"vertical-align: inherit;\">Controle los niveles de ox\u00edgeno en su sangre desde la comodidad de su hogar con este ox\u00edmetro de pulso.<\/span><\/span><\/span><\/span><\/p>\n<p><span style=\"vertical-align: inherit;\"><span style=\"vertical-align: inherit;\"><span style=\"vertical-align: inherit;\"><span style=\"vertical-align: inherit;\">Este dispositivo pr\u00e1ctico mide su nivel de saturaci\u00f3n de ox\u00edgeno (los niveles de ox\u00edgeno en su sangre) en segundos. <\/span><\/span><\/span><span style=\"vertical-align: inherit;\"><span style=\"vertical-align: inherit;\"><span style=\"vertical-align: inherit;\">\u00a1El proceso es r\u00e1pido e indoloro!<\/span><\/span><\/span><\/span><\/p>\n","protected":false},"featured_media":759,"comment_status":"open","ping_status":"closed","template":"","meta":{"_et_pb_use_builder":"","_et_pb_old_content":"","_et_gb_content_width":""},"product_cat":[17],"product_tag":[],"yoast_head":"<!-- This site is optimized with the Yoast SEO plugin v17.7.1 - https:\/\/yoast.com\/wordpress\/plugins\/seo\/ -->\n<title>Oximetro de pulso digital X1906 - grupodrosur<\/title>\n<meta name=\"robots\" content=\"index, follow, max-snippet:-1, max-image-preview:large, max-video-preview:-1\" \/>\n<link rel=\"canonical\" href=\"https:\/\/grupodrosur.com\/index.php\/product\/oximetro-de-pulso-digital-x1906\/\" \/>\n<meta property=\"og:locale\" content=\"en_US\" \/>\n<meta property=\"og:type\" content=\"article\" \/>\n<meta property=\"og:title\" content=\"Oximetro de pulso digital X1906 - grupodrosur\" \/>\n<meta property=\"og:description\" content=\"Ox\u00edmetro de pulso digital X1906. Un m\u00e9todo para controlar la frecuencia del pulso precisa y la saturaci\u00f3n de ox\u00edgeno en la sangre.  Controle los niveles de ox\u00edgeno en su sangre desde la comodidad de su hogar con este ox\u00edmetro de pulso.  Este dispositivo pr\u00e1ctico mide su nivel de saturaci\u00f3n de ox\u00edgeno (los niveles de ox\u00edgeno en su sangre) en segundos. \u00a1El proceso es r\u00e1pido e indoloro!\" \/>\n<meta property=\"og:url\" content=\"https:\/\/grupodrosur.com\/index.php\/product\/oximetro-de-pulso-digital-x1906\/\" \/>\n<meta property=\"og:site_name\" content=\"grupodrosur\" \/>\n<meta property=\"article:modified_time\" content=\"2026-04-12T12:59:06+00:00\" \/>\n<meta property=\"og:image\" content=\"https:\/\/grupodrosur.com\/wp-content\/uploads\/2021\/07\/oximetro2-1.jpg\" \/>\n\t<meta property=\"og:image:width\" content=\"1080\" \/>\n\t<meta property=\"og:image:height\" content=\"1080\" \/>\n<meta name=\"twitter:card\" content=\"summary_large_image\" \/>\n<meta name=\"twitter:label1\" content=\"Est. reading time\" \/>\n\t<meta name=\"twitter:data1\" content=\"1 minute\" \/>\n<script type=\"application\/ld+json\" class=\"yoast-schema-graph\">{\"@context\":\"https:\/\/schema.org\",\"@graph\":[{\"@type\":\"WebSite\",\"@id\":\"https:\/\/grupodrosur.com\/#website\",\"url\":\"https:\/\/grupodrosur.com\/\",\"name\":\"grupodrosur\",\"description\":\"Casa de Representaci\\u00f3n\/Droguer\\u00eda\",\"potentialAction\":[{\"@type\":\"SearchAction\",\"target\":{\"@type\":\"EntryPoint\",\"urlTemplate\":\"https:\/\/grupodrosur.com\/?s={search_term_string}\"},\"query-input\":\"required name=search_term_string\"}],\"inLanguage\":\"en-US\"},{\"@type\":\"ImageObject\",\"@id\":\"https:\/\/grupodrosur.com\/index.php\/product\/oximetro-de-pulso-digital-x1906\/#primaryimage\",\"inLanguage\":\"en-US\",\"url\":\"https:\/\/grupodrosur.com\/wp-content\/uploads\/2021\/07\/oximetro2-1.jpg\",\"contentUrl\":\"https:\/\/grupodrosur.com\/wp-content\/uploads\/2021\/07\/oximetro2-1.jpg\",\"width\":1080,\"height\":1080},{\"@type\":\"WebPage\",\"@id\":\"https:\/\/grupodrosur.com\/index.php\/product\/oximetro-de-pulso-digital-x1906\/#webpage\",\"url\":\"https:\/\/grupodrosur.com\/index.php\/product\/oximetro-de-pulso-digital-x1906\/\",\"name\":\"Oximetro de pulso digital X1906 - grupodrosur\",\"isPartOf\":{\"@id\":\"https:\/\/grupodrosur.com\/#website\"},\"primaryImageOfPage\":{\"@id\":\"https:\/\/grupodrosur.com\/index.php\/product\/oximetro-de-pulso-digital-x1906\/#primaryimage\"},\"datePublished\":\"2021-07-22T23:07:31+00:00\",\"dateModified\":\"2026-04-12T12:59:06+00:00\",\"breadcrumb\":{\"@id\":\"https:\/\/grupodrosur.com\/index.php\/product\/oximetro-de-pulso-digital-x1906\/#breadcrumb\"},\"inLanguage\":\"en-US\",\"potentialAction\":[{\"@type\":\"ReadAction\",\"target\":[\"https:\/\/grupodrosur.com\/index.php\/product\/oximetro-de-pulso-digital-x1906\/\"]}]},{\"@type\":\"BreadcrumbList\",\"@id\":\"https:\/\/grupodrosur.com\/index.php\/product\/oximetro-de-pulso-digital-x1906\/#breadcrumb\",\"itemListElement\":[{\"@type\":\"ListItem\",\"position\":1,\"name\":\"Shop\",\"item\":\"https:\/\/grupodrosur.com\/index.php\/shop\/\"},{\"@type\":\"ListItem\",\"position\":2,\"name\":\"Oximetro de pulso digital X1906\"}]}]}<\/script>\n<!-- \/ Yoast SEO plugin. -->","yoast_head_json":{"title":"Oximetro de pulso digital X1906 - grupodrosur","robots":{"index":"index","follow":"follow","max-snippet":"max-snippet:-1","max-image-preview":"max-image-preview:large","max-video-preview":"max-video-preview:-1"},"canonical":"https:\/\/grupodrosur.com\/index.php\/product\/oximetro-de-pulso-digital-x1906\/","og_locale":"en_US","og_type":"article","og_title":"Oximetro de pulso digital X1906 - grupodrosur","og_description":"Ox\u00edmetro de pulso digital X1906. Un m\u00e9todo para controlar la frecuencia del pulso precisa y la saturaci\u00f3n de ox\u00edgeno en la sangre.  Controle los niveles de ox\u00edgeno en su sangre desde la comodidad de su hogar con este ox\u00edmetro de pulso.  Este dispositivo pr\u00e1ctico mide su nivel de saturaci\u00f3n de ox\u00edgeno (los niveles de ox\u00edgeno en su sangre) en segundos. \u00a1El proceso es r\u00e1pido e indoloro!","og_url":"https:\/\/grupodrosur.com\/index.php\/product\/oximetro-de-pulso-digital-x1906\/","og_site_name":"grupodrosur","article_modified_time":"2026-04-12T12:59:06+00:00","og_image":[{"width":1080,"height":1080,"url":"https:\/\/grupodrosur.com\/wp-content\/uploads\/2021\/07\/oximetro2-1.jpg","type":"image\/jpeg"}],"twitter_card":"summary_large_image","twitter_misc":{"Est. reading time":"1 minute"},"schema":{"@context":"https:\/\/schema.org","@graph":[{"@type":"WebSite","@id":"https:\/\/grupodrosur.com\/#website","url":"https:\/\/grupodrosur.com\/","name":"grupodrosur","description":"Casa de Representaci\u00f3n\/Droguer\u00eda","potentialAction":[{"@type":"SearchAction","target":{"@type":"EntryPoint","urlTemplate":"https:\/\/grupodrosur.com\/?s={search_term_string}"},"query-input":"required name=search_term_string"}],"inLanguage":"en-US"},{"@type":"ImageObject","@id":"https:\/\/grupodrosur.com\/index.php\/product\/oximetro-de-pulso-digital-x1906\/#primaryimage","inLanguage":"en-US","url":"https:\/\/grupodrosur.com\/wp-content\/uploads\/2021\/07\/oximetro2-1.jpg","contentUrl":"https:\/\/grupodrosur.com\/wp-content\/uploads\/2021\/07\/oximetro2-1.jpg","width":1080,"height":1080},{"@type":"WebPage","@id":"https:\/\/grupodrosur.com\/index.php\/product\/oximetro-de-pulso-digital-x1906\/#webpage","url":"https:\/\/grupodrosur.com\/index.php\/product\/oximetro-de-pulso-digital-x1906\/","name":"Oximetro de pulso digital X1906 - grupodrosur","isPartOf":{"@id":"https:\/\/grupodrosur.com\/#website"},"primaryImageOfPage":{"@id":"https:\/\/grupodrosur.com\/index.php\/product\/oximetro-de-pulso-digital-x1906\/#primaryimage"},"datePublished":"2021-07-22T23:07:31+00:00","dateModified":"2026-04-12T12:59:06+00:00","breadcrumb":{"@id":"https:\/\/grupodrosur.com\/index.php\/product\/oximetro-de-pulso-digital-x1906\/#breadcrumb"},"inLanguage":"en-US","potentialAction":[{"@type":"ReadAction","target":["https:\/\/grupodrosur.com\/index.php\/product\/oximetro-de-pulso-digital-x1906\/"]}]},{"@type":"BreadcrumbList","@id":"https:\/\/grupodrosur.com\/index.php\/product\/oximetro-de-pulso-digital-x1906\/#breadcrumb","itemListElement":[{"@type":"ListItem","position":1,"name":"Shop","item":"https:\/\/grupodrosur.com\/index.php\/shop\/"},{"@type":"ListItem","position":2,"name":"Oximetro de pulso digital X1906"}]}]}},"_links":{"self":[{"href":"https:\/\/grupodrosur.com\/index.php\/wp-json\/wp\/v2\/product\/757"}],"collection":[{"href":"https:\/\/grupodrosur.com\/index.php\/wp-json\/wp\/v2\/product"}],"about":[{"href":"https:\/\/grupodrosur.com\/index.php\/wp-json\/wp\/v2\/types\/product"}],"replies":[{"embeddable":true,"href":"https:\/\/grupodrosur.com\/index.php\/wp-json\/wp\/v2\/comments?post=757"}],"wp:featuredmedia":[{"embeddable":true,"href":"https:\/\/grupodrosur.com\/index.php\/wp-json\/wp\/v2\/media\/759"}],"wp:attachment":[{"href":"https:\/\/grupodrosur.com\/index.php\/wp-json\/wp\/v2\/media?parent=757"}],"wp:term":[{"taxonomy":"product_cat","embeddable":true,"href":"https:\/\/grupodrosur.com\/index.php\/wp-json\/wp\/v2\/product_cat?post=757"},{"taxonomy":"product_tag","embeddable":true,"href":"https:\/\/grupodrosur.com\/index.php\/wp-json\/wp\/v2\/product_tag?post=757"}],"curies":[{"name":"wp","href":"https:\/\/api.w.org\/{rel}","templated":true}]}}